{"id":12,"date":"2017-03-27T11:32:15","date_gmt":"2017-03-27T09:32:15","guid":{"rendered":"https:\/\/www.thomas-anders.com\/de\/?page_id=12"},"modified":"2023-04-18T09:24:24","modified_gmt":"2023-04-18T07:24:24","slug":"fanarea","status":"publish","type":"page","link":"https:\/\/www.thomas-anders.com\/de\/fanarea\/","title":{"rendered":"Fanarea"},"content":{"rendered":"\n<style type=\"text\/css\" data-created_by=\"avia_inline_auto\" id=\"style-css-av-24mhw-4ed632e841a0171fa0f435e6455d3fbe\">\n.flex_column.av-24mhw-4ed632e841a0171fa0f435e6455d3fbe{\nborder-width:1px;\nborder-style:solid;\nborder-radius:15px 15px 15px 15px;\npadding:15px 25px 25px 25px;\nbackground-color:#222222;\n}\n<\/style>\n<div  class='flex_column av-24mhw-4ed632e841a0171fa0f435e6455d3fbe av_one_half  avia-builder-el-0  el_before_av_one_half  avia-builder-el-first  first flex_column_div  '     ><p><section  class='av_textblock_section av-1rwpc-874be8b629341de8aba3e0ecdac92864 '   itemscope=\"itemscope\" itemtype=\"https:\/\/schema.org\/CreativeWork\" ><div class='avia_textblock'  itemprop=\"text\" ><p><strong>Thomas Anders Newsletter<\/strong><\/p>\n<\/div><\/section><br \/>\n<section  class='av_textblock_section av-x98c-df0bc20e4a766550fa747bcf6e3f35e4 '   itemscope=\"itemscope\" itemtype=\"https:\/\/schema.org\/CreativeWork\" ><div class='avia_textblock'  itemprop=\"text\" ><p>Ich m\u00f6chte den Thomas Anders Newsletter erhalten und zum n\u00e4chsten International Fanday eingeladen werden.<\/p>\n\n<div class=\"wpcf7 no-js\" id=\"wpcf7-f182-o1\" lang=\"de-DE\" dir=\"ltr\" data-wpcf7-id=\"182\">\n<div class=\"screen-reader-response\"><p role=\"status\" aria-live=\"polite\" aria-atomic=\"true\"><\/p> <ul><\/ul><\/div>\n<form action=\"\/de\/wp-json\/wp\/v2\/pages\/12#wpcf7-f182-o1\" method=\"post\" class=\"wpcf7-form init\" aria-label=\"Kontaktformular\" novalidate=\"novalidate\" data-status=\"init\">\n<fieldset class=\"hidden-fields-container\"><input type=\"hidden\" name=\"_wpcf7\" value=\"182\" \/><input type=\"hidden\" name=\"_wpcf7_version\" value=\"6.1\" \/><input type=\"hidden\" name=\"_wpcf7_locale\" value=\"de_DE\" \/><input type=\"hidden\" name=\"_wpcf7_unit_tag\" value=\"wpcf7-f182-o1\" \/><input type=\"hidden\" name=\"_wpcf7_container_post\" value=\"0\" \/><input type=\"hidden\" name=\"_wpcf7_posted_data_hash\" value=\"\" \/>\n<\/fieldset>\n<p>Name<br \/>\n<span class=\"wpcf7-form-control-wrap\" data-name=\"xtdgdu\"><input size=\"40\" maxlength=\"400\" class=\"wpcf7-form-control wpcf7-text wpcf7-validates-as-required\" aria-required=\"true\" aria-invalid=\"false\" value=\"\" type=\"text\" name=\"xtdgdu\" \/><\/span><span id=\"wpcf7-69db96ffde47b-wrapper\" class=\"wpcf7-form-control-wrap namex-wrap\" style=\"display:none !important; visibility:hidden !important;\"><label for=\"wpcf7-69db96ffde47b-field\" class=\"hp-message\">Bitte lasse dieses Feld leer.<\/label><input id=\"wpcf7-69db96ffde47b-field\"  class=\"wpcf7-form-control wpcf7-text\" type=\"text\" name=\"namex\" value=\"\" size=\"40\" tabindex=\"-1\" autocomplete=\"new-password\" \/><\/span>\n<\/p>\n<p>Vorname<br \/>\n<span class=\"wpcf7-form-control-wrap\" data-name=\"shufIjt\"><input size=\"40\" maxlength=\"400\" class=\"wpcf7-form-control wpcf7-text wpcf7-validates-as-required\" aria-required=\"true\" aria-invalid=\"false\" value=\"\" type=\"text\" name=\"shufIjt\" \/><\/span>\n<\/p>\n<p>Land<br \/>\n<span class=\"wpcf7-form-control-wrap\" data-name=\"dhgekowu\"><input size=\"40\" maxlength=\"400\" class=\"wpcf7-form-control wpcf7-text\" aria-invalid=\"false\" value=\"\" type=\"text\" name=\"dhgekowu\" \/><\/span>\n<\/p>\n<p>E-Mail<br \/>\n<span class=\"wpcf7-form-control-wrap\" data-name=\"skhdofois\"><input size=\"40\" maxlength=\"400\" class=\"wpcf7-form-control wpcf7-email wpcf7-validates-as-required wpcf7-text wpcf7-validates-as-email\" aria-required=\"true\" aria-invalid=\"false\" value=\"\" type=\"email\" name=\"skhdofois\" \/><\/span><span id=\"wpcf7-69db96ffde56c-wrapper\" class=\"wpcf7-form-control-wrap emailx-wrap\" style=\"display:none !important; visibility:hidden !important;\"><label for=\"wpcf7-69db96ffde56c-field\" class=\"hp-message\">Bitte lasse dieses Feld leer.<\/label><input id=\"wpcf7-69db96ffde56c-field\"  class=\"wpcf7-form-control wpcf7-text\" type=\"text\" name=\"emailx\" value=\"\" size=\"40\" tabindex=\"-1\" autocomplete=\"new-password\" \/><\/span>\n<\/p>\n<p><span class=\"wpcf7-form-control-wrap\" data-name=\"acceptance-516\"><span class=\"wpcf7-form-control wpcf7-acceptance\"><span class=\"wpcf7-list-item\"><label><input type=\"checkbox\" name=\"acceptance-516\" value=\"1\" aria-invalid=\"false\" \/><span class=\"wpcf7-list-item-label\"><span style=\"color: #ffffff;\">Ja, ich habe die<\/span> <a href=\"https:\/\/www.thomas-anders.com\/de\/datenschutz\/\" target=\"_blank\" rel=\"noopener\">Datenschutzerkl\u00e4rung<\/a> <span style=\"color: #ffffff;\">zur Kenntnis genommen. Ich abonniere den kostenlosen Thomas Anders Newsletter und stimme zu, dass meine Angaben und Daten elektronisch erhoben, gespeichert und zum Zweck der Zusendung des Newsletters verarbeitet werden. Hinweis: Sie k\u00f6nnen Ihre Einwilligung jederzeit f\u00fcr die Zukunft per E-Mail an<\/span> <a href=\"mailto:service@thomas-anders.com\">service@thomas-anders.com<\/a> <span style=\"color: #ffffff;\">widerrufen.<\/span><\/span><\/label><\/span><\/span><\/span>\n<\/p>\n<p><input class=\"wpcf7-form-control wpcf7-submit has-spinner\" type=\"submit\" value=\"Senden\" \/>\n<\/p><div class=\"wpcf7-response-output\" aria-hidden=\"true\"><\/div>\n<\/form>\n<\/div>\n\n<\/div><\/section><\/p><\/div>\n\n<style type=\"text\/css\" data-created_by=\"avia_inline_auto\" id=\"style-css-av-4fzqc-58cbd243287cc77a934601b601b74421\">\n.flex_column.av-4fzqc-58cbd243287cc77a934601b601b74421{\nborder-width:1px;\nborder-style:solid;\nborder-radius:15px 15px 15px 15px;\npadding:15px 25px 25px 25px;\nbackground-color:#222222;\n}\n<\/style>\n<div  class='flex_column av-4fzqc-58cbd243287cc77a934601b601b74421 av_one_half  avia-builder-el-3  el_after_av_one_half  avia-builder-el-last  flex_column_div  '     ><p><section  class='av_textblock_section av-3sc6s-62406ee7eb33f17b4519c8041d9d7ff0 '   itemscope=\"itemscope\" itemtype=\"https:\/\/schema.org\/CreativeWork\" ><div class='avia_textblock'  itemprop=\"text\" ><p><strong>Autogrammw\u00fcnsche<\/strong><\/p>\n<\/div><\/section><br \/>\n\n<style type=\"text\/css\" data-created_by=\"avia_inline_auto\" id=\"style-css-av-34pvo-d32816cf8e0d127fa1568a6e5f678683\">\n.avia-image-container.av-34pvo-d32816cf8e0d127fa1568a6e5f678683 img.avia_image{\nbox-shadow:none;\n}\n.avia-image-container.av-34pvo-d32816cf8e0d127fa1568a6e5f678683 .av-image-caption-overlay-center{\ncolor:#ffffff;\n}\n<\/style>\n<div  class='avia-image-container av-34pvo-d32816cf8e0d127fa1568a6e5f678683 av-styling- avia-align-center  avia-builder-el-5  el_after_av_textblock  el_before_av_textblock '   itemprop=\"image\" itemscope=\"itemscope\" itemtype=\"https:\/\/schema.org\/ImageObject\" ><div class=\"avia-image-container-inner\"><div class=\"avia-image-overlay-wrap\"><img decoding=\"async\" fetchpriority=\"high\" class='wp-image-1657 avia-img-lazy-loading-not-1657 avia_image ' src=\"https:\/\/www.thomas-anders.com\/de\/wp-content\/uploads\/2022\/08\/autograph01.jpg\" alt='Thomas Anders Pressefoto 09' title='Thomas Anders Pressefoto 09'  height=\"934\" width=\"700\"  itemprop=\"thumbnailUrl\" srcset=\"https:\/\/www.thomas-anders.com\/de\/wp-content\/uploads\/2022\/08\/autograph01.jpg 700w, https:\/\/www.thomas-anders.com\/de\/wp-content\/uploads\/2022\/08\/autograph01-225x300.jpg 225w, https:\/\/www.thomas-anders.com\/de\/wp-content\/uploads\/2022\/08\/autograph01-528x705.jpg 528w\" sizes=\"(max-width: 700px) 100vw, 700px\" \/><\/div><\/div><\/div><br \/>\n<section  class='av_textblock_section av-2plcw-2d07ff5dbaa88b7c3c3c22244eab6eec '   itemscope=\"itemscope\" itemtype=\"https:\/\/schema.org\/CreativeWork\" ><div class='avia_textblock'  itemprop=\"text\" ><p>Bitte senden Sie Ihren Autogrammwunsch zusammen mit einem ausreichend frankierten R\u00fcckumschlag an:<\/p>\n<p>Thomas Anders Fanclub<br \/>\n\u201eAutogrammwunsch\u201c<br \/>\nKlostergut Besselich 1 B<br \/>\nD-56182 Urbar<\/p>\n<p>Autogrammw\u00fcnsche werden nur mit ausreichend frankierten R\u00fcckumschl\u00e4gen beantwortet.<\/p>\n<\/div><\/section><\/p><\/div>\n","protected":false},"excerpt":{"rendered":"","protected":false},"author":1,"featured_media":0,"parent":0,"menu_order":0,"comment_status":"closed","ping_status":"closed","template":"","meta":{"footnotes":""},"class_list":["post-12","page","type-page","status-publish","hentry"],"yoast_head":"<!-- This site is optimized with the Yoast SEO plugin v25.4 - https:\/\/yoast.com\/wordpress\/plugins\/seo\/ -->\n<title>Fanarea - Thomas Anders |\u00a0Die offizielle Website<\/title>\n<meta name=\"robots\" content=\"index, follow, max-snippet:-1, max-image-preview:large, max-video-preview:-1\" \/>\n<link rel=\"canonical\" href=\"https:\/\/www.thomas-anders.com\/de\/fanarea\/\" \/>\n<meta property=\"og:locale\" content=\"de_DE\" \/>\n<meta property=\"og:type\" content=\"article\" \/>\n<meta property=\"og:title\" content=\"Fanarea - Thomas Anders |\u00a0Die offizielle Website\" \/>\n<meta property=\"og:url\" content=\"https:\/\/www.thomas-anders.com\/de\/fanarea\/\" \/>\n<meta property=\"og:site_name\" content=\"Thomas Anders |\u00a0Die offizielle Website\" \/>\n<meta property=\"article:modified_time\" content=\"2023-04-18T07:24:24+00:00\" \/>\n<meta name=\"twitter:card\" content=\"summary_large_image\" \/>\n<meta name=\"twitter:label1\" content=\"Gesch\u00e4tzte Lesezeit\" \/>\n\t<meta name=\"twitter:data1\" content=\"1\u00a0Minute\" \/>\n<script type=\"application\/ld+json\" class=\"yoast-schema-graph\">{\"@context\":\"https:\/\/schema.org\",\"@graph\":[{\"@type\":\"WebPage\",\"@id\":\"https:\/\/www.thomas-anders.com\/de\/fanarea\/\",\"url\":\"https:\/\/www.thomas-anders.com\/de\/fanarea\/\",\"name\":\"Fanarea - Thomas Anders |\u00a0Die offizielle Website\",\"isPartOf\":{\"@id\":\"https:\/\/www.thomas-anders.com\/de\/#website\"},\"datePublished\":\"2017-03-27T09:32:15+00:00\",\"dateModified\":\"2023-04-18T07:24:24+00:00\",\"breadcrumb\":{\"@id\":\"https:\/\/www.thomas-anders.com\/de\/fanarea\/#breadcrumb\"},\"inLanguage\":\"de\",\"potentialAction\":[{\"@type\":\"ReadAction\",\"target\":[\"https:\/\/www.thomas-anders.com\/de\/fanarea\/\"]}]},{\"@type\":\"BreadcrumbList\",\"@id\":\"https:\/\/www.thomas-anders.com\/de\/fanarea\/#breadcrumb\",\"itemListElement\":[{\"@type\":\"ListItem\",\"position\":1,\"name\":\"Startseite\",\"item\":\"https:\/\/www.thomas-anders.com\/de\/\"},{\"@type\":\"ListItem\",\"position\":2,\"name\":\"Fanarea\"}]},{\"@type\":\"WebSite\",\"@id\":\"https:\/\/www.thomas-anders.com\/de\/#website\",\"url\":\"https:\/\/www.thomas-anders.com\/de\/\",\"name\":\"Thomas Anders |\u00a0Die offizielle Website\",\"description\":\"The Gentleman Of Music\",\"potentialAction\":[{\"@type\":\"SearchAction\",\"target\":{\"@type\":\"EntryPoint\",\"urlTemplate\":\"https:\/\/www.thomas-anders.com\/de\/?s={search_term_string}\"},\"query-input\":{\"@type\":\"PropertyValueSpecification\",\"valueRequired\":true,\"valueName\":\"search_term_string\"}}],\"inLanguage\":\"de\"}]}<\/script>\n<!-- \/ Yoast SEO plugin. -->","yoast_head_json":{"title":"Fanarea - Thomas Anders |\u00a0Die offizielle Website","robots":{"index":"index","follow":"follow","max-snippet":"max-snippet:-1","max-image-preview":"max-image-preview:large","max-video-preview":"max-video-preview:-1"},"canonical":"https:\/\/www.thomas-anders.com\/de\/fanarea\/","og_locale":"de_DE","og_type":"article","og_title":"Fanarea - Thomas Anders |\u00a0Die offizielle Website","og_url":"https:\/\/www.thomas-anders.com\/de\/fanarea\/","og_site_name":"Thomas Anders |\u00a0Die offizielle Website","article_modified_time":"2023-04-18T07:24:24+00:00","twitter_card":"summary_large_image","twitter_misc":{"Gesch\u00e4tzte Lesezeit":"1\u00a0Minute"},"schema":{"@context":"https:\/\/schema.org","@graph":[{"@type":"WebPage","@id":"https:\/\/www.thomas-anders.com\/de\/fanarea\/","url":"https:\/\/www.thomas-anders.com\/de\/fanarea\/","name":"Fanarea - Thomas Anders |\u00a0Die offizielle Website","isPartOf":{"@id":"https:\/\/www.thomas-anders.com\/de\/#website"},"datePublished":"2017-03-27T09:32:15+00:00","dateModified":"2023-04-18T07:24:24+00:00","breadcrumb":{"@id":"https:\/\/www.thomas-anders.com\/de\/fanarea\/#breadcrumb"},"inLanguage":"de","potentialAction":[{"@type":"ReadAction","target":["https:\/\/www.thomas-anders.com\/de\/fanarea\/"]}]},{"@type":"BreadcrumbList","@id":"https:\/\/www.thomas-anders.com\/de\/fanarea\/#breadcrumb","itemListElement":[{"@type":"ListItem","position":1,"name":"Startseite","item":"https:\/\/www.thomas-anders.com\/de\/"},{"@type":"ListItem","position":2,"name":"Fanarea"}]},{"@type":"WebSite","@id":"https:\/\/www.thomas-anders.com\/de\/#website","url":"https:\/\/www.thomas-anders.com\/de\/","name":"Thomas Anders |\u00a0Die offizielle Website","description":"The Gentleman Of Music","potentialAction":[{"@type":"SearchAction","target":{"@type":"EntryPoint","urlTemplate":"https:\/\/www.thomas-anders.com\/de\/?s={search_term_string}"},"query-input":{"@type":"PropertyValueSpecification","valueRequired":true,"valueName":"search_term_string"}}],"inLanguage":"de"}]}},"_links":{"self":[{"href":"https:\/\/www.thomas-anders.com\/de\/wp-json\/wp\/v2\/pages\/12","targetHints":{"allow":["GET"]}}],"collection":[{"href":"https:\/\/www.thomas-anders.com\/de\/wp-json\/wp\/v2\/pages"}],"about":[{"href":"https:\/\/www.thomas-anders.com\/de\/wp-json\/wp\/v2\/types\/page"}],"author":[{"embeddable":true,"href":"https:\/\/www.thomas-anders.com\/de\/wp-json\/wp\/v2\/users\/1"}],"replies":[{"embeddable":true,"href":"https:\/\/www.thomas-anders.com\/de\/wp-json\/wp\/v2\/comments?post=12"}],"version-history":[{"count":3,"href":"https:\/\/www.thomas-anders.com\/de\/wp-json\/wp\/v2\/pages\/12\/revisions"}],"predecessor-version":[{"id":1741,"href":"https:\/\/www.thomas-anders.com\/de\/wp-json\/wp\/v2\/pages\/12\/revisions\/1741"}],"wp:attachment":[{"href":"https:\/\/www.thomas-anders.com\/de\/wp-json\/wp\/v2\/media?parent=12"}],"curies":[{"name":"wp","href":"https:\/\/api.w.org\/{rel}","templated":true}]}}