{"id":1492,"date":"2022-04-09T17:46:14","date_gmt":"2022-04-09T15:46:14","guid":{"rendered":"https:\/\/www.thomas-anders.com\/de\/?page_id=1492"},"modified":"2022-07-04T09:19:25","modified_gmt":"2022-07-04T07:19:25","slug":"podcast","status":"publish","type":"page","link":"https:\/\/www.thomas-anders.com\/de\/podcast\/","title":{"rendered":"Podcast"},"content":{"rendered":"\n<style type=\"text\/css\" data-created_by=\"avia_inline_auto\" id=\"style-css-av-2rjphw-0ece6493c0be20d2b345d2842fa97550\">\n.flex_column.av-2rjphw-0ece6493c0be20d2b345d2842fa97550{\nborder-radius:0px 0px 0px 0px;\npadding:0px 0px 0px 0px;\n}\n<\/style>\n<div  class='flex_column av-2rjphw-0ece6493c0be20d2b345d2842fa97550 av_one_half  avia-builder-el-0  el_before_av_one_half  avia-builder-el-first  first no_margin flex_column_div av-zero-column-padding  '     ><style type=\"text\/css\" data-created_by=\"avia_inline_auto\" id=\"style-css-av-l1s1ewfu-6269654de2284390fd18dea2d7cdbadb\">\n.avia-image-container.av-l1s1ewfu-6269654de2284390fd18dea2d7cdbadb img.avia_image{\nbox-shadow:none;\n}\n.avia-image-container.av-l1s1ewfu-6269654de2284390fd18dea2d7cdbadb .av-image-caption-overlay-center{\ncolor:#ffffff;\n}\n<\/style>\n<div  class='avia-image-container av-l1s1ewfu-6269654de2284390fd18dea2d7cdbadb av-styling- avia-align-center  avia-builder-el-1  avia-builder-el-no-sibling '   itemprop=\"image\" itemscope=\"itemscope\" itemtype=\"https:\/\/schema.org\/ImageObject\" ><div class=\"avia-image-container-inner\"><div class=\"avia-image-overlay-wrap\"><img decoding=\"async\" fetchpriority=\"high\" class='wp-image-1496 avia-img-lazy-loading-not-1496 avia_image ' src=\"https:\/\/www.thomas-anders.com\/de\/wp-content\/uploads\/2022\/04\/podcast-einfach-anders.jpg\" alt='Podcast | Einfach Anders' title='Podcast |\u00a0Einfach Anders'  height=\"880\" width=\"880\"  itemprop=\"thumbnailUrl\" srcset=\"https:\/\/www.thomas-anders.com\/de\/wp-content\/uploads\/2022\/04\/podcast-einfach-anders.jpg 880w, https:\/\/www.thomas-anders.com\/de\/wp-content\/uploads\/2022\/04\/podcast-einfach-anders-300x300.jpg 300w, https:\/\/www.thomas-anders.com\/de\/wp-content\/uploads\/2022\/04\/podcast-einfach-anders-80x80.jpg 80w, https:\/\/www.thomas-anders.com\/de\/wp-content\/uploads\/2022\/04\/podcast-einfach-anders-768x768.jpg 768w, https:\/\/www.thomas-anders.com\/de\/wp-content\/uploads\/2022\/04\/podcast-einfach-anders-36x36.jpg 36w, https:\/\/www.thomas-anders.com\/de\/wp-content\/uploads\/2022\/04\/podcast-einfach-anders-180x180.jpg 180w, https:\/\/www.thomas-anders.com\/de\/wp-content\/uploads\/2022\/04\/podcast-einfach-anders-705x705.jpg 705w\" sizes=\"(max-width: 880px) 100vw, 880px\" \/><\/div><\/div><\/div><\/div>\n\n<style type=\"text\/css\" data-created_by=\"avia_inline_auto\" id=\"style-css-av-1zf6vo-3ebdad3a7a5afaaca528c4efc5cec899\">\n.flex_column.av-1zf6vo-3ebdad3a7a5afaaca528c4efc5cec899{\nborder-radius:0px 0px 0px 0px;\npadding:25px 25px 25px 25px;\n}\n<\/style>\n<div  class='flex_column av-1zf6vo-3ebdad3a7a5afaaca528c4efc5cec899 av_one_half  avia-builder-el-2  el_after_av_one_half  el_before_av_one_full  no_margin flex_column_div  '     ><section  class='av_textblock_section av-1ttpsk-186dc8fa580c0216c55e320fa72ab2bd '   itemscope=\"itemscope\" itemtype=\"https:\/\/schema.org\/CreativeWork\" ><div class='avia_textblock'  itemprop=\"text\" ><h1>DER PODCAST<\/h1>\n<h1>MODERN TALKING<br \/>\n&#8230; EINFACH ANDERS!<\/h1>\n<\/div><\/section><br \/>\n\n<style type=\"text\/css\" data-created_by=\"avia_inline_auto\" id=\"style-css-av-2h3jtw-01b7e39911043f8db2fed71b96f1cec1\">\n#top .hr.av-2h3jtw-01b7e39911043f8db2fed71b96f1cec1{\nmargin-top:5px;\nmargin-bottom:1px;\n}\n.hr.av-2h3jtw-01b7e39911043f8db2fed71b96f1cec1 .hr-inner{\nwidth:50px;\n}\n<\/style>\n<div  class='hr av-2h3jtw-01b7e39911043f8db2fed71b96f1cec1 hr-custom  avia-builder-el-4  el_after_av_textblock  el_before_av_textblock  hr-center hr-icon-no'><span class='hr-inner inner-border-av-border-none'><span class=\"hr-inner-style\"><\/span><\/span><\/div><br \/>\n<section  class='av_textblock_section av-1ttpsk-186dc8fa580c0216c55e320fa72ab2bd '   itemscope=\"itemscope\" itemtype=\"https:\/\/schema.org\/CreativeWork\" ><div class='avia_textblock'  itemprop=\"text\" ><p style=\"font-size: 18px;\">Jetzt abonnieren und mit dabei sein!<\/p>\n<p style=\"font-size: 18px;\">\u00dcberall dort, wo es Podcasts gibt!<\/p>\n<p style=\"font-size: 18px;\">In der Moderation mit Andreas Kunze.<\/p>\n<p><a href=\"https:\/\/open.spotify.com\/show\/2ZFqb4K1324iSRzrEXdduY\" target=\"_blank\" rel=\"noopener\"><img loading=\"lazy\" decoding=\"async\" class=\"alignnone wp-image-1512\" src=\"https:\/\/www.thomas-anders.com\/de\/wp-content\/uploads\/2022\/04\/podcast-spotify.png\" alt=\"Spotify\" width=\"186\" height=\"57\" srcset=\"https:\/\/www.thomas-anders.com\/de\/wp-content\/uploads\/2022\/04\/podcast-spotify.png 430w, https:\/\/www.thomas-anders.com\/de\/wp-content\/uploads\/2022\/04\/podcast-spotify-300x92.png 300w\" sizes=\"auto, (max-width: 186px) 100vw, 186px\" \/><\/a> <a href=\"https:\/\/podcasts.apple.com\/us\/podcast\/modern-talking-einfach-anders\/id1618467273\" target=\"_blank\" rel=\"noopener\"><img loading=\"lazy\" decoding=\"async\" class=\"alignnone wp-image-1508\" src=\"https:\/\/www.thomas-anders.com\/de\/wp-content\/uploads\/2022\/04\/podcast-applemusic.png\" alt=\"Apple Podcasts\" width=\"186\" height=\"57\" srcset=\"https:\/\/www.thomas-anders.com\/de\/wp-content\/uploads\/2022\/04\/podcast-applemusic.png 430w, https:\/\/www.thomas-anders.com\/de\/wp-content\/uploads\/2022\/04\/podcast-applemusic-300x92.png 300w\" sizes=\"auto, (max-width: 186px) 100vw, 186px\" \/><\/a><\/p>\n<p><a href=\"https:\/\/deezer.com\/show\/3584797\" target=\"_blank\" rel=\"noopener\"><img loading=\"lazy\" decoding=\"async\" class=\"alignnone wp-image-1509\" src=\"https:\/\/www.thomas-anders.com\/de\/wp-content\/uploads\/2022\/04\/podcast-deezer.png\" alt=\"deezer\" width=\"186\" height=\"57\" srcset=\"https:\/\/www.thomas-anders.com\/de\/wp-content\/uploads\/2022\/04\/podcast-deezer.png 430w, https:\/\/www.thomas-anders.com\/de\/wp-content\/uploads\/2022\/04\/podcast-deezer-300x92.png 300w\" sizes=\"auto, (max-width: 186px) 100vw, 186px\" \/><\/a> <a href=\"https:\/\/music.amazon.de\/podcasts\/bedea21d-7b82-476e-82cf-d545528432f3\/modern-talking---einfach-anders\" target=\"_blank\" rel=\"noopener\"><img loading=\"lazy\" decoding=\"async\" class=\"alignnone wp-image-1507\" src=\"https:\/\/www.thomas-anders.com\/de\/wp-content\/uploads\/2022\/04\/podcast-amazonmusic.png\" alt=\"amazon music\" width=\"186\" height=\"57\" srcset=\"https:\/\/www.thomas-anders.com\/de\/wp-content\/uploads\/2022\/04\/podcast-amazonmusic.png 430w, https:\/\/www.thomas-anders.com\/de\/wp-content\/uploads\/2022\/04\/podcast-amazonmusic-300x92.png 300w\" sizes=\"auto, (max-width: 186px) 100vw, 186px\" \/><\/a><\/p>\n<p><a href=\"https:\/\/www.stitcher.com\/s?fid=697631\" target=\"_blank\" rel=\"noopener\"><img loading=\"lazy\" decoding=\"async\" class=\"alignnone wp-image-1528\" src=\"https:\/\/www.thomas-anders.com\/de\/wp-content\/uploads\/2022\/04\/podcast-stitcher.png\" alt=\"Stitcher\" width=\"186\" height=\"57\" srcset=\"https:\/\/www.thomas-anders.com\/de\/wp-content\/uploads\/2022\/04\/podcast-stitcher.png 430w, https:\/\/www.thomas-anders.com\/de\/wp-content\/uploads\/2022\/04\/podcast-stitcher-300x92.png 300w\" sizes=\"auto, (max-width: 186px) 100vw, 186px\" \/><\/a> <a href=\"https:\/\/castbox.fm\/channel\/id4896224?country=de\" target=\"_blank\" rel=\"noopener\"><img loading=\"lazy\" decoding=\"async\" class=\"alignnone wp-image-1531\" src=\"https:\/\/www.thomas-anders.com\/de\/wp-content\/uploads\/2022\/04\/podcast-castboxfm.png\" alt=\"Cast Box\" width=\"186\" height=\"57\" srcset=\"https:\/\/www.thomas-anders.com\/de\/wp-content\/uploads\/2022\/04\/podcast-castboxfm.png 430w, https:\/\/www.thomas-anders.com\/de\/wp-content\/uploads\/2022\/04\/podcast-castboxfm-300x92.png 300w\" sizes=\"auto, (max-width: 186px) 100vw, 186px\" \/><\/a><\/p>\n<\/div><\/section><\/p><\/div>\n<style type=\"text\/css\" data-created_by=\"avia_inline_auto\" id=\"style-css-av-1zf6vo-2ed27de48104d9fe93114ccb2b87390b\">\n.flex_column.av-1zf6vo-2ed27de48104d9fe93114ccb2b87390b{\nborder-radius:0px 0px 0px 0px;\n}\n<\/style>\n<div  class='flex_column av-1zf6vo-2ed27de48104d9fe93114ccb2b87390b av_one_full  avia-builder-el-6  el_after_av_one_half  avia-builder-el-last  first flex_column_div  column-top-margin'     ><section  class='av_textblock_section av-1ttpsk-186dc8fa580c0216c55e320fa72ab2bd '   itemscope=\"itemscope\" itemtype=\"https:\/\/schema.org\/CreativeWork\" ><div class='avia_textblock'  itemprop=\"text\" ><h1>ZUM PODCAST<\/h1>\n<p style=\"font-size: 18px;\">THOMAS ANDERS ist aus der Musik- und Unterhaltungsbranche nicht mehr wegzudenken.<\/p>\n<p style=\"font-size: 18px;\">Vor 53 Jahren stand er zum ersten Mal auf einer B\u00fchne, unterschrieb 1978 seinen ersten Schallplattenvertrag und ver\u00f6ffentlichte im gleichen Jahr seine erste Single \u201eJudy\u201c. Es folgten danach weitere Solo-Singles bis er Mitte der 80er Jahre mit MODERN TALKING internationale Musikgeschichte schrieb. Mehr als 125 Millionen verkaufter Schallplatten und CDs und unz\u00e4hlige Fans weltweit begleiten bis heute seinen Weg.<\/p>\n<p style=\"font-size: 18px;\">\u00dcber Thomas Anders wurde, in seiner bis heute andauernden Karriere, schon viel geschrieben und gesagt. Jetzt spricht er! \u00dcber Erfolge und Misserfolge, H\u00f6hen und Tiefen. Ungesch\u00f6nt und offen, ganz privat aus seinem Zuhause heraus, nimmt ihn Moderator Andreas Kunze mit auf eine Zeitreise, in der er auch mit Augenzwinkern auf die Geschichten seines bewegten Lebens zur\u00fcckblickt.<\/p>\n<p style=\"font-size: 18px;\">Zu Gast sind Freunde, Herzensmenschen und Weggef\u00e4hrten, die seinen Weg bis heute begleitet haben. Mal humorvoll, mal ernst, aber immer aus dem Blick eines zugewandten und am Ende immer noch bodenst\u00e4ndig gebliebenen Mannes.<\/p>\n<p style=\"font-size: 18px;\"><strong>Dieser Podcast ist EHRLICH \u2013 AUTHENTISCH \u2013 \u2026EINFACH ANDERS!<\/strong><\/p>\n<p style=\"font-size: 18px;\"><strong>Jetzt abonnieren und mit dabei sein!<\/strong><\/p>\n<\/div><\/section><\/div><\/p>\n","protected":false},"excerpt":{"rendered":"","protected":false},"author":1,"featured_media":0,"parent":0,"menu_order":0,"comment_status":"closed","ping_status":"closed","template":"","meta":{"footnotes":""},"class_list":["post-1492","page","type-page","status-publish","hentry"],"yoast_head":"<!-- This site is optimized with the Yoast SEO plugin v25.4 - https:\/\/yoast.com\/wordpress\/plugins\/seo\/ -->\n<title>DER PODCAST \u2013 EINFACH ANDERS!<\/title>\n<meta name=\"robots\" content=\"index, follow, max-snippet:-1, max-image-preview:large, max-video-preview:-1\" \/>\n<link rel=\"canonical\" href=\"https:\/\/www.thomas-anders.com\/de\/podcast\/\" \/>\n<meta property=\"og:locale\" content=\"de_DE\" \/>\n<meta property=\"og:type\" content=\"article\" \/>\n<meta property=\"og:title\" content=\"DER PODCAST \u2013 EINFACH ANDERS!\" \/>\n<meta property=\"og:url\" content=\"https:\/\/www.thomas-anders.com\/de\/podcast\/\" \/>\n<meta property=\"og:site_name\" content=\"Thomas Anders |\u00a0Die offizielle Website\" \/>\n<meta property=\"article:modified_time\" content=\"2022-07-04T07:19:25+00:00\" \/>\n<meta property=\"og:image\" content=\"https:\/\/www.thomas-anders.com\/de\/wp-content\/uploads\/2022\/04\/podcast-spotify.png\" \/>\n<meta name=\"twitter:card\" content=\"summary_large_image\" \/>\n<meta name=\"twitter:label1\" content=\"Gesch\u00e4tzte Lesezeit\" \/>\n\t<meta name=\"twitter:data1\" content=\"4\u00a0Minuten\" \/>\n<script type=\"application\/ld+json\" class=\"yoast-schema-graph\">{\"@context\":\"https:\/\/schema.org\",\"@graph\":[{\"@type\":\"WebPage\",\"@id\":\"https:\/\/www.thomas-anders.com\/de\/podcast\/\",\"url\":\"https:\/\/www.thomas-anders.com\/de\/podcast\/\",\"name\":\"DER PODCAST \u2013 EINFACH ANDERS!\",\"isPartOf\":{\"@id\":\"https:\/\/www.thomas-anders.com\/de\/#website\"},\"primaryImageOfPage\":{\"@id\":\"https:\/\/www.thomas-anders.com\/de\/podcast\/#primaryimage\"},\"image\":{\"@id\":\"https:\/\/www.thomas-anders.com\/de\/podcast\/#primaryimage\"},\"thumbnailUrl\":\"https:\/\/www.thomas-anders.com\/de\/wp-content\/uploads\/2022\/04\/podcast-spotify.png\",\"datePublished\":\"2022-04-09T15:46:14+00:00\",\"dateModified\":\"2022-07-04T07:19:25+00:00\",\"breadcrumb\":{\"@id\":\"https:\/\/www.thomas-anders.com\/de\/podcast\/#breadcrumb\"},\"inLanguage\":\"de\",\"potentialAction\":[{\"@type\":\"ReadAction\",\"target\":[\"https:\/\/www.thomas-anders.com\/de\/podcast\/\"]}]},{\"@type\":\"ImageObject\",\"inLanguage\":\"de\",\"@id\":\"https:\/\/www.thomas-anders.com\/de\/podcast\/#primaryimage\",\"url\":\"https:\/\/www.thomas-anders.com\/de\/wp-content\/uploads\/2022\/04\/podcast-spotify.png\",\"contentUrl\":\"https:\/\/www.thomas-anders.com\/de\/wp-content\/uploads\/2022\/04\/podcast-spotify.png\",\"width\":430,\"height\":132,\"caption\":\"Spotify\"},{\"@type\":\"BreadcrumbList\",\"@id\":\"https:\/\/www.thomas-anders.com\/de\/podcast\/#breadcrumb\",\"itemListElement\":[{\"@type\":\"ListItem\",\"position\":1,\"name\":\"Startseite\",\"item\":\"https:\/\/www.thomas-anders.com\/de\/\"},{\"@type\":\"ListItem\",\"position\":2,\"name\":\"Podcast\"}]},{\"@type\":\"WebSite\",\"@id\":\"https:\/\/www.thomas-anders.com\/de\/#website\",\"url\":\"https:\/\/www.thomas-anders.com\/de\/\",\"name\":\"Thomas Anders |\u00a0Die offizielle Website\",\"description\":\"The Gentleman Of Music\",\"potentialAction\":[{\"@type\":\"SearchAction\",\"target\":{\"@type\":\"EntryPoint\",\"urlTemplate\":\"https:\/\/www.thomas-anders.com\/de\/?s={search_term_string}\"},\"query-input\":{\"@type\":\"PropertyValueSpecification\",\"valueRequired\":true,\"valueName\":\"search_term_string\"}}],\"inLanguage\":\"de\"}]}<\/script>\n<!-- \/ Yoast SEO plugin. -->","yoast_head_json":{"title":"DER PODCAST \u2013 EINFACH ANDERS!","robots":{"index":"index","follow":"follow","max-snippet":"max-snippet:-1","max-image-preview":"max-image-preview:large","max-video-preview":"max-video-preview:-1"},"canonical":"https:\/\/www.thomas-anders.com\/de\/podcast\/","og_locale":"de_DE","og_type":"article","og_title":"DER PODCAST \u2013 EINFACH ANDERS!","og_url":"https:\/\/www.thomas-anders.com\/de\/podcast\/","og_site_name":"Thomas Anders |\u00a0Die offizielle Website","article_modified_time":"2022-07-04T07:19:25+00:00","og_image":[{"url":"https:\/\/www.thomas-anders.com\/de\/wp-content\/uploads\/2022\/04\/podcast-spotify.png","type":"","width":"","height":""}],"twitter_card":"summary_large_image","twitter_misc":{"Gesch\u00e4tzte Lesezeit":"4\u00a0Minuten"},"schema":{"@context":"https:\/\/schema.org","@graph":[{"@type":"WebPage","@id":"https:\/\/www.thomas-anders.com\/de\/podcast\/","url":"https:\/\/www.thomas-anders.com\/de\/podcast\/","name":"DER PODCAST \u2013 EINFACH ANDERS!","isPartOf":{"@id":"https:\/\/www.thomas-anders.com\/de\/#website"},"primaryImageOfPage":{"@id":"https:\/\/www.thomas-anders.com\/de\/podcast\/#primaryimage"},"image":{"@id":"https:\/\/www.thomas-anders.com\/de\/podcast\/#primaryimage"},"thumbnailUrl":"https:\/\/www.thomas-anders.com\/de\/wp-content\/uploads\/2022\/04\/podcast-spotify.png","datePublished":"2022-04-09T15:46:14+00:00","dateModified":"2022-07-04T07:19:25+00:00","breadcrumb":{"@id":"https:\/\/www.thomas-anders.com\/de\/podcast\/#breadcrumb"},"inLanguage":"de","potentialAction":[{"@type":"ReadAction","target":["https:\/\/www.thomas-anders.com\/de\/podcast\/"]}]},{"@type":"ImageObject","inLanguage":"de","@id":"https:\/\/www.thomas-anders.com\/de\/podcast\/#primaryimage","url":"https:\/\/www.thomas-anders.com\/de\/wp-content\/uploads\/2022\/04\/podcast-spotify.png","contentUrl":"https:\/\/www.thomas-anders.com\/de\/wp-content\/uploads\/2022\/04\/podcast-spotify.png","width":430,"height":132,"caption":"Spotify"},{"@type":"BreadcrumbList","@id":"https:\/\/www.thomas-anders.com\/de\/podcast\/#breadcrumb","itemListElement":[{"@type":"ListItem","position":1,"name":"Startseite","item":"https:\/\/www.thomas-anders.com\/de\/"},{"@type":"ListItem","position":2,"name":"Podcast"}]},{"@type":"WebSite","@id":"https:\/\/www.thomas-anders.com\/de\/#website","url":"https:\/\/www.thomas-anders.com\/de\/","name":"Thomas Anders |\u00a0Die offizielle Website","description":"The Gentleman Of Music","potentialAction":[{"@type":"SearchAction","target":{"@type":"EntryPoint","urlTemplate":"https:\/\/www.thomas-anders.com\/de\/?s={search_term_string}"},"query-input":{"@type":"PropertyValueSpecification","valueRequired":true,"valueName":"search_term_string"}}],"inLanguage":"de"}]}},"_links":{"self":[{"href":"https:\/\/www.thomas-anders.com\/de\/wp-json\/wp\/v2\/pages\/1492","targetHints":{"allow":["GET"]}}],"collection":[{"href":"https:\/\/www.thomas-anders.com\/de\/wp-json\/wp\/v2\/pages"}],"about":[{"href":"https:\/\/www.thomas-anders.com\/de\/wp-json\/wp\/v2\/types\/page"}],"author":[{"embeddable":true,"href":"https:\/\/www.thomas-anders.com\/de\/wp-json\/wp\/v2\/users\/1"}],"replies":[{"embeddable":true,"href":"https:\/\/www.thomas-anders.com\/de\/wp-json\/wp\/v2\/comments?post=1492"}],"version-history":[{"count":3,"href":"https:\/\/www.thomas-anders.com\/de\/wp-json\/wp\/v2\/pages\/1492\/revisions"}],"predecessor-version":[{"id":1700,"href":"https:\/\/www.thomas-anders.com\/de\/wp-json\/wp\/v2\/pages\/1492\/revisions\/1700"}],"wp:attachment":[{"href":"https:\/\/www.thomas-anders.com\/de\/wp-json\/wp\/v2\/media?parent=1492"}],"curies":[{"name":"wp","href":"https:\/\/api.w.org\/{rel}","templated":true}]}}