{"id":8,"date":"2026-03-03T16:36:01","date_gmt":"2026-03-03T15:36:01","guid":{"rendered":"https:\/\/www.thomas-anders.com\/de\/?page_id=8"},"modified":"2026-03-03T18:23:27","modified_gmt":"2026-03-03T17:23:27","slug":"biography","status":"publish","type":"page","link":"https:\/\/www.thomas-anders.com\/de\/biography\/","title":{"rendered":"Biographie"},"content":{"rendered":"\n<style type=\"text\/css\" data-created_by=\"avia_inline_auto\" id=\"style-css-av-dlli-2a290ad98197254f2406cd5a897b3e6e\">\n.flex_column.av-dlli-2a290ad98197254f2406cd5a897b3e6e{\nborder-radius:0px 0px 0px 0px;\npadding:0px 0px 0px 0px;\n}\n<\/style>\n<div  class='flex_column av-dlli-2a290ad98197254f2406cd5a897b3e6e av_one_half  avia-builder-el-0  el_before_av_one_half  avia-builder-el-first  first flex_column_div av-zero-column-padding  '     ><p>\n<style type=\"text\/css\" data-created_by=\"avia_inline_auto\" id=\"style-css-av-cj34-ecabbcfd159aeb1b39149823895495eb\">\n.avia-image-container.av-cj34-ecabbcfd159aeb1b39149823895495eb img.avia_image{\nbox-shadow:none;\n}\n.avia-image-container.av-cj34-ecabbcfd159aeb1b39149823895495eb .av-image-caption-overlay-center{\ncolor:#ffffff;\n}\n<\/style>\n<div  class='avia-image-container av-cj34-ecabbcfd159aeb1b39149823895495eb av-styling- avia-align-center  avia-builder-el-1  el_before_av_textblock  avia-builder-el-first '   itemprop=\"image\" itemscope=\"itemscope\" itemtype=\"https:\/\/schema.org\/ImageObject\" ><div class=\"avia-image-container-inner\"><div class=\"avia-image-overlay-wrap\"><img decoding=\"async\" fetchpriority=\"high\" class='wp-image-144 avia-img-lazy-loading-not-144 avia_image ' src=\"https:\/\/www.thomas-anders.com\/de\/wp-content\/uploads\/2017\/03\/thomas-anders-newssite.jpg\" alt='Thomas Anders' title='Thomas Anders'  height=\"650\" width=\"650\"  itemprop=\"thumbnailUrl\" srcset=\"https:\/\/www.thomas-anders.com\/de\/wp-content\/uploads\/2017\/03\/thomas-anders-newssite.jpg 650w, https:\/\/www.thomas-anders.com\/de\/wp-content\/uploads\/2017\/03\/thomas-anders-newssite-80x80.jpg 80w, https:\/\/www.thomas-anders.com\/de\/wp-content\/uploads\/2017\/03\/thomas-anders-newssite-300x300.jpg 300w, https:\/\/www.thomas-anders.com\/de\/wp-content\/uploads\/2017\/03\/thomas-anders-newssite-36x36.jpg 36w, https:\/\/www.thomas-anders.com\/de\/wp-content\/uploads\/2017\/03\/thomas-anders-newssite-180x180.jpg 180w, https:\/\/www.thomas-anders.com\/de\/wp-content\/uploads\/2017\/03\/thomas-anders-newssite-120x120.jpg 120w, https:\/\/www.thomas-anders.com\/de\/wp-content\/uploads\/2017\/03\/thomas-anders-newssite-450x450.jpg 450w\" sizes=\"(max-width: 650px) 100vw, 650px\" \/><\/div><\/div><\/div><br \/>\n<section  class='av_textblock_section av-x14-df5e018e6d606caf64d8598fc9fd4462 '   itemscope=\"itemscope\" itemtype=\"https:\/\/schema.org\/CreativeWork\" ><div class='avia_textblock'  itemprop=\"text\" ><p>Foto \u00a9 Ben Wolf<\/p>\n<\/div><\/section><\/p><\/div>\n\n<style type=\"text\/css\" data-created_by=\"avia_inline_auto\" id=\"style-css-av-8fdw-e6c75d04d5d103ca9825a0d397a7a368\">\n.flex_column.av-8fdw-e6c75d04d5d103ca9825a0d397a7a368{\nborder-radius:0px 0px 0px 0px;\npadding:0px 0px 0px 0px;\n}\n<\/style>\n<div  class='flex_column av-8fdw-e6c75d04d5d103ca9825a0d397a7a368 av_one_half  avia-builder-el-3  el_after_av_one_half  avia-builder-el-last  flex_column_div av-zero-column-padding  '     ><section  class='av_textblock_section av-57c4-6faa56034c84aa6045263f98ea4ef966 '   itemscope=\"itemscope\" itemtype=\"https:\/\/schema.org\/CreativeWork\" ><div class='avia_textblock'  itemprop=\"text\" ><h4>Thomas Anders \u2013 Die Stimme einer deutschen Pop-Legende<\/h4>\n<p>Thomas Anders z\u00e4hlt zu den erfolgreichsten und konstantesten K\u00fcnstlerpers\u00f6nlichkeiten der deutschen Musikgeschichte. Mit seiner unverwechselbaren Stimme, internationalem Format und einer Karriere \u00fcber mehr als vier Jahrzehnte hat er Popgeschichte geschrieben \u2013 und sie bis heute lebendig gehalten.<\/p>\n<h4>Fr\u00fche Jahre und musikalische Pr\u00e4gung<\/h4>\n<p>Geboren wurde Thomas Anders am <strong>1. M\u00e4rz 1963<\/strong> als <strong>Bernd Weidung<\/strong> in <strong>M\u00fcnstermaifeld<\/strong> in Rheinland-Pfalz. Schon fr\u00fch zeigte sich seine musikalische Begabung. Klavierunterricht, erste B\u00fchnenauftritte und Teilnahmen an Talentwettbewerben legten den Grundstein f\u00fcr eine professionelle Laufbahn.<\/p>\n<p>Der K\u00fcnstlername <strong>Thomas Anders<\/strong> markierte Anfang der 1980er-Jahre den Beginn seines Weges in die internationale Popwelt.<\/p>\n<h4>Der Welterfolg mit Modern Talking<\/h4>\n<p>Der internationale Durchbruch gelang <strong>1985<\/strong> mit <strong>Modern Talking<\/strong> gemeinsam mit <strong>Dieter Bohlen<\/strong>. Die Deb\u00fctsingle <strong>\u201eYou\u2019re My Heart, You\u2019re My Soul\u201c<\/strong> wurde weltweit ein Nummer-1-Hit. Es folgte eine Serie von Erfolgen, die Musikgeschichte schrieb:<\/p>\n<p>\u201eCheri, Cheri Lady\u201c, \u201eYou Can Win If You Want\u201c, \u201eBrother Louie\u201c, \u201eAtlantis is Calling\u201c und weitere Titel machten Modern Talking zur <strong>erfolgreichsten deutschen Popband aller Zeiten<\/strong>. Mit <strong>weltweit \u00fcber 125 Millionen verkauften Tontr\u00e4gern<\/strong> und mittlerweile \u00fcber <strong>380 Mio. Streams pro Jahr<\/strong> pr\u00e4gt Modern Talking den Sound der 1980er-Jahre bis heute nachhaltig.<\/p>\n<h4>Trennung und eigenst\u00e4ndige Solokarriere<\/h4>\n<p>Nach der Trennung 1987 begann Thomas Anders eine konsequente <strong>internationale Solokarriere<\/strong>. Er ver\u00f6ffentlichte Alben in mehreren Sprachen und entwickelte sich musikalisch stetig weiter. Pop, Soul, Adult Contemporary und Jazz wurden zu wichtigen Ausdrucksformen seines k\u00fcnstlerischen Profils.<\/p>\n<p>Diese Phasen zeigten deutlich: Thomas Anders war nicht nur Teil eines Erfolgsprojekts, sondern ein eigenst\u00e4ndiger K\u00fcnstler mit Substanz und Vielseitigkeit.<\/p>\n<h4>Das Comeback von Modern Talking<\/h4>\n<p>1998 kam es zur Wiedervereinigung von Modern Talking. Das Comeback wurde zu einem der erfolgreichsten der Popgeschichte. Neue Alben, modernisierte Klassiker und ausverkaufte Tourneen f\u00fchrten das Duo erneut an die Spitze der Charts.<\/p>\n<p>2003 endete die Zusammenarbeit endg\u00fcltig \u2013 der Mythos Modern Talking jedoch blieb bestehen.<\/p>\n<h4>Erfolge im neuen Jahrtausend<\/h4>\n<p>Nach dem endg\u00fcltigen Ende von Modern Talking konzentrierte sich Thomas Anders wieder vollst\u00e4ndig auf seine Solokarriere. Neben Charterfolgen im Ausland mit englischsprachigen Alben (Strong, Cosmic), etablierte er sich im deutschsprachigen Raum erfolgreich mit modernen Pop- und Schlagerproduktionen.<\/p>\n<p>Ein herausragendes Kapitel dieser Zeit ist die <strong>Zusammenarbeit mit Florian Silbereisen<\/strong>. Die gemeinsamen Alben erreichten <strong>zweimal Platz 1 der deutschen Albumcharts<\/strong> und wurden zu Publikumserfolgen \u00fcber Generationen hinweg.<\/p>\n<p>Mit dem Projekt <strong>\u201eThomas Anders sings Modern Talking\u201c<\/strong>, realisiert gemeinsam mit seinem Produzenten <strong>Christian Geller<\/strong>, setzte Anders ein weiteres Ausrufezeichen zum 40j\u00e4hrigen Jubil\u00e4um von Modern Talking. Die neu interpretierten Klassiker fanden auch in 2025 erneut gro\u00dfe Resonanz beim Publikum. S\u00e4mtliche Alben platzierten sich in den Top 10 der deutschen Charts und wurden <strong>f\u00fcr das sechsfache Album mit Gold ausgezeichnet<\/strong>.<\/p>\n<h4>Genussmensch, Kochliebhaber und Unternehmer<\/h4>\n<p>Neben der Musik zeigt Thomas Anders seit vielen Jahren eine gro\u00dfe Leidenschaft f\u00fcr <strong>Genuss, Kulinarik und gutes Handwerk<\/strong>. Als bekennender Kochliebhaber entwickelte er eine <strong>eigene Wein- und Gew\u00fcrzlinie<\/strong>, die seine pers\u00f6nliche Handschrift tr\u00e4gt.<\/p>\n<p>Die Weine entstanden in Zusammenarbeit mit dem renommierten <strong>Weingut St. Antony<\/strong>, die Gew\u00fcrzlinie gemeinsam mit der <strong>Hartkorn Gew\u00fcrzm\u00fchle GmbH<\/strong>. Beide Projekte spiegeln seinen Anspruch an Qualit\u00e4t, Authentizit\u00e4t und Genuss wider \u2013 fernab blo\u00dfer Prominenz,<br \/>\nvielmehr getragen von echter Begeisterung.<\/p>\n<h4>Karitatives Engagement<\/h4>\n<p>Der geb\u00fcrtige Koblenzer Thomas Anders, setzt sich seit vielen Jahren f\u00fcr Kinder und Familien in seiner Heimatstadt ein. Seit 2009 ist er <strong>offizieller Schirmherr<\/strong> des <strong>Kinderschutzbund Koblenz e.V.<\/strong> und engagiert sich als Botschafter f\u00fcr Kinderrechte sowie die F\u00f6rderung von Jugendlichen. Dabei nutzt er seine Bekanntheit, um Aufmerksamkeit f\u00fcr die Arbeit des Vereins zu schaffen, unterst\u00fctzt Benefizaktionen und<br \/>\nVeranstaltungen und motiviert die \u00d6ffentlichkeit, gemeinsam Verantwortung f\u00fcr die Belange von Kindern zu \u00fcbernehmen.<\/p>\n<h4>Pers\u00f6nlichkeit und Haltung<\/h4>\n<p>Thomas Anders gilt als reflektiert, diszipliniert und bodenst\u00e4ndig. Trotz internationaler Erfolge hat er sich seine <strong>Authentizit\u00e4t<\/strong> bewahrt. Er lebt mit seiner Familie in seiner Heimatstadt Koblenz und betont in Interviews immer wieder Werte wie Respekt, Dankbarkeit und Verl\u00e4sslichkeit. Seine <strong>Best\u00e4ndigkeit<\/strong> spiegelt sich in seiner \u00fcber Jahrzehnte gewachsenen Karriere wider.<\/p>\n<h4>Verm\u00e4chtnis<\/h4>\n<p>Thomas Anders ist weit mehr als ein Popstar der 1980er-Jahre. Er ist ein K\u00fcnstler, der es geschafft hat, <strong>\u00fcber Jahrzehnte hinweg relevant zu bleiben<\/strong>, sich weiterzuentwickeln und dennoch unverkennbar zu bleiben. Seine Stimme ist Teil der Musikgeschichte \u2013 und zugleich fest in der Gegenwart verankert.<\/p>\n<p><strong>Thomas Anders steht f\u00fcr zeitlosen Pop, k\u00fcnstlerische Kontinuit\u00e4t und pers\u00f6nliche Klasse.<\/strong><\/p>\n<\/div><\/section><br \/>\n<section  class='av_textblock_section av-1e8-7633035696e666b984a60907a0665290 '   itemscope=\"itemscope\" itemtype=\"https:\/\/schema.org\/CreativeWork\" ><div class='avia_textblock'  itemprop=\"text\" ><p><a href=\"https:\/\/www.thomas-anders.com\/downloads\/thomas-anders-biografie.pdf\" target=\"_blank\" rel=\"noopener\"><img loading=\"lazy\" decoding=\"async\" class=\"alignnone wp-image-425 size-full\" src=\"https:\/\/www.thomas-anders.com\/de\/wp-content\/uploads\/2017\/03\/download-biography.png\" alt=\"Download Biography PDF\" width=\"200\" height=\"41\" \/><\/a><\/p>\n<\/div><\/section><\/p><\/div>\n","protected":false},"excerpt":{"rendered":"","protected":false},"author":1,"featured_media":0,"parent":0,"menu_order":0,"comment_status":"closed","ping_status":"closed","template":"","meta":{"footnotes":""},"class_list":["post-8","page","type-page","status-publish","hentry"],"yoast_head":"<!-- This site is optimized with the Yoast SEO plugin v25.4 - https:\/\/yoast.com\/wordpress\/plugins\/seo\/ -->\n<title>Thomas Anders |\u00a0Biografie<\/title>\n<meta name=\"robots\" content=\"index, follow, max-snippet:-1, max-image-preview:large, max-video-preview:-1\" \/>\n<link rel=\"canonical\" href=\"https:\/\/www.thomas-anders.com\/de\/biography\/\" \/>\n<meta property=\"og:locale\" content=\"de_DE\" \/>\n<meta property=\"og:type\" content=\"article\" \/>\n<meta property=\"og:title\" content=\"Thomas Anders |\u00a0Biografie\" \/>\n<meta property=\"og:url\" content=\"https:\/\/www.thomas-anders.com\/de\/biography\/\" \/>\n<meta property=\"og:site_name\" content=\"Thomas Anders |\u00a0Die offizielle Website\" \/>\n<meta property=\"article:modified_time\" content=\"2026-03-03T17:23:27+00:00\" \/>\n<meta property=\"og:image\" content=\"https:\/\/www.thomas-anders.com\/de\/wp-content\/uploads\/2017\/03\/download-biography.png\" \/>\n<meta name=\"twitter:card\" content=\"summary_large_image\" \/>\n<meta name=\"twitter:label1\" content=\"Gesch\u00e4tzte Lesezeit\" \/>\n\t<meta name=\"twitter:data1\" content=\"5\u00a0Minuten\" \/>\n<script type=\"application\/ld+json\" class=\"yoast-schema-graph\">{\"@context\":\"https:\/\/schema.org\",\"@graph\":[{\"@type\":\"WebPage\",\"@id\":\"https:\/\/www.thomas-anders.com\/de\/biography\/\",\"url\":\"https:\/\/www.thomas-anders.com\/de\/biography\/\",\"name\":\"Thomas Anders |\u00a0Biografie\",\"isPartOf\":{\"@id\":\"https:\/\/www.thomas-anders.com\/de\/#website\"},\"primaryImageOfPage\":{\"@id\":\"https:\/\/www.thomas-anders.com\/de\/biography\/#primaryimage\"},\"image\":{\"@id\":\"https:\/\/www.thomas-anders.com\/de\/biography\/#primaryimage\"},\"thumbnailUrl\":\"https:\/\/www.thomas-anders.com\/de\/wp-content\/uploads\/2017\/03\/download-biography.png\",\"datePublished\":\"2026-03-03T15:36:01+00:00\",\"dateModified\":\"2026-03-03T17:23:27+00:00\",\"breadcrumb\":{\"@id\":\"https:\/\/www.thomas-anders.com\/de\/biography\/#breadcrumb\"},\"inLanguage\":\"de\",\"potentialAction\":[{\"@type\":\"ReadAction\",\"target\":[\"https:\/\/www.thomas-anders.com\/de\/biography\/\"]}]},{\"@type\":\"ImageObject\",\"inLanguage\":\"de\",\"@id\":\"https:\/\/www.thomas-anders.com\/de\/biography\/#primaryimage\",\"url\":\"https:\/\/www.thomas-anders.com\/de\/wp-content\/uploads\/2017\/03\/download-biography.png\",\"contentUrl\":\"https:\/\/www.thomas-anders.com\/de\/wp-content\/uploads\/2017\/03\/download-biography.png\",\"width\":200,\"height\":41,\"caption\":\"Download Biography PDF\"},{\"@type\":\"BreadcrumbList\",\"@id\":\"https:\/\/www.thomas-anders.com\/de\/biography\/#breadcrumb\",\"itemListElement\":[{\"@type\":\"ListItem\",\"position\":1,\"name\":\"Startseite\",\"item\":\"https:\/\/www.thomas-anders.com\/de\/\"},{\"@type\":\"ListItem\",\"position\":2,\"name\":\"Biographie\"}]},{\"@type\":\"WebSite\",\"@id\":\"https:\/\/www.thomas-anders.com\/de\/#website\",\"url\":\"https:\/\/www.thomas-anders.com\/de\/\",\"name\":\"Thomas Anders |\u00a0Die offizielle Website\",\"description\":\"The Gentleman Of Music\",\"potentialAction\":[{\"@type\":\"SearchAction\",\"target\":{\"@type\":\"EntryPoint\",\"urlTemplate\":\"https:\/\/www.thomas-anders.com\/de\/?s={search_term_string}\"},\"query-input\":{\"@type\":\"PropertyValueSpecification\",\"valueRequired\":true,\"valueName\":\"search_term_string\"}}],\"inLanguage\":\"de\"}]}<\/script>\n<!-- \/ Yoast SEO plugin. -->","yoast_head_json":{"title":"Thomas Anders |\u00a0Biografie","robots":{"index":"index","follow":"follow","max-snippet":"max-snippet:-1","max-image-preview":"max-image-preview:large","max-video-preview":"max-video-preview:-1"},"canonical":"https:\/\/www.thomas-anders.com\/de\/biography\/","og_locale":"de_DE","og_type":"article","og_title":"Thomas Anders |\u00a0Biografie","og_url":"https:\/\/www.thomas-anders.com\/de\/biography\/","og_site_name":"Thomas Anders |\u00a0Die offizielle Website","article_modified_time":"2026-03-03T17:23:27+00:00","og_image":[{"url":"https:\/\/www.thomas-anders.com\/de\/wp-content\/uploads\/2017\/03\/download-biography.png","type":"","width":"","height":""}],"twitter_card":"summary_large_image","twitter_misc":{"Gesch\u00e4tzte Lesezeit":"5\u00a0Minuten"},"schema":{"@context":"https:\/\/schema.org","@graph":[{"@type":"WebPage","@id":"https:\/\/www.thomas-anders.com\/de\/biography\/","url":"https:\/\/www.thomas-anders.com\/de\/biography\/","name":"Thomas Anders |\u00a0Biografie","isPartOf":{"@id":"https:\/\/www.thomas-anders.com\/de\/#website"},"primaryImageOfPage":{"@id":"https:\/\/www.thomas-anders.com\/de\/biography\/#primaryimage"},"image":{"@id":"https:\/\/www.thomas-anders.com\/de\/biography\/#primaryimage"},"thumbnailUrl":"https:\/\/www.thomas-anders.com\/de\/wp-content\/uploads\/2017\/03\/download-biography.png","datePublished":"2026-03-03T15:36:01+00:00","dateModified":"2026-03-03T17:23:27+00:00","breadcrumb":{"@id":"https:\/\/www.thomas-anders.com\/de\/biography\/#breadcrumb"},"inLanguage":"de","potentialAction":[{"@type":"ReadAction","target":["https:\/\/www.thomas-anders.com\/de\/biography\/"]}]},{"@type":"ImageObject","inLanguage":"de","@id":"https:\/\/www.thomas-anders.com\/de\/biography\/#primaryimage","url":"https:\/\/www.thomas-anders.com\/de\/wp-content\/uploads\/2017\/03\/download-biography.png","contentUrl":"https:\/\/www.thomas-anders.com\/de\/wp-content\/uploads\/2017\/03\/download-biography.png","width":200,"height":41,"caption":"Download Biography PDF"},{"@type":"BreadcrumbList","@id":"https:\/\/www.thomas-anders.com\/de\/biography\/#breadcrumb","itemListElement":[{"@type":"ListItem","position":1,"name":"Startseite","item":"https:\/\/www.thomas-anders.com\/de\/"},{"@type":"ListItem","position":2,"name":"Biographie"}]},{"@type":"WebSite","@id":"https:\/\/www.thomas-anders.com\/de\/#website","url":"https:\/\/www.thomas-anders.com\/de\/","name":"Thomas Anders |\u00a0Die offizielle Website","description":"The Gentleman Of Music","potentialAction":[{"@type":"SearchAction","target":{"@type":"EntryPoint","urlTemplate":"https:\/\/www.thomas-anders.com\/de\/?s={search_term_string}"},"query-input":{"@type":"PropertyValueSpecification","valueRequired":true,"valueName":"search_term_string"}}],"inLanguage":"de"}]}},"_links":{"self":[{"href":"https:\/\/www.thomas-anders.com\/de\/wp-json\/wp\/v2\/pages\/8","targetHints":{"allow":["GET"]}}],"collection":[{"href":"https:\/\/www.thomas-anders.com\/de\/wp-json\/wp\/v2\/pages"}],"about":[{"href":"https:\/\/www.thomas-anders.com\/de\/wp-json\/wp\/v2\/types\/page"}],"author":[{"embeddable":true,"href":"https:\/\/www.thomas-anders.com\/de\/wp-json\/wp\/v2\/users\/1"}],"replies":[{"embeddable":true,"href":"https:\/\/www.thomas-anders.com\/de\/wp-json\/wp\/v2\/comments?post=8"}],"version-history":[{"count":3,"href":"https:\/\/www.thomas-anders.com\/de\/wp-json\/wp\/v2\/pages\/8\/revisions"}],"predecessor-version":[{"id":2198,"href":"https:\/\/www.thomas-anders.com\/de\/wp-json\/wp\/v2\/pages\/8\/revisions\/2198"}],"wp:attachment":[{"href":"https:\/\/www.thomas-anders.com\/de\/wp-json\/wp\/v2\/media?parent=8"}],"curies":[{"name":"wp","href":"https:\/\/api.w.org\/{rel}","templated":true}]}}